{"id":12,"date":"2024-09-11T23:08:41","date_gmt":"2024-09-11T23:08:41","guid":{"rendered":"https:\/\/simonicaragua.com\/amusant\/?page_id=12"},"modified":"2024-09-26T18:01:11","modified_gmt":"2024-09-26T18:01:11","slug":"amusant","status":"publish","type":"page","link":"https:\/\/amusantsa.com\/","title":{"rendered":"AMUSANT"},"content":{"rendered":"\n<h2>\n\t\t\u00a1Entretenimiento<br \/>sin l\u00edmite!\n\t<\/h2>\n\t\t\t<a href=\"tel:84406655\" target=\"_self\" rel=\"noopener\">\n\t\t\t\t\t\t\tSolicita tu Rockola \n\t\t\t\t\t<\/a>\n<h2>\n\t\t\u00bfQui\u00e9nes somos?\n\t<\/h2>\n\t<p>En <strong>Amusant<\/strong> nos dedicamos a llevar la diversi\u00f3n, el entretenimiento y la m\u00fasica en cada celebraci\u00f3n. Somos una empresa apasionada por crear experiencias \u00fanicas a trav\u00e9s de nuestro servicio de <strong>rockolas<\/strong> y contamos con salas de juegos donde puedes encontrar tragamonedas con una amplia variedad de juegos.<\/p>\n<h2>\n\t\tNuestros Valores\n\t<\/h2>\n\t\t\t\t<img loading=\"lazy\" decoding=\"async\" src=\"https:\/\/amusantsa.com\/wp-content\/uploads\/2024\/09\/Asset-11.webp\" alt=\"Asset 11\" itemprop=\"image\" height=\"495\" width=\"317\" title=\"Asset 11\" onerror=\"this.style.display='none'\"  \/>\n\t\t\t\t<img loading=\"lazy\" decoding=\"async\" src=\"https:\/\/amusantsa.com\/wp-content\/uploads\/2024\/09\/Asset-12.webp\" alt=\"Asset 12\" itemprop=\"image\" height=\"495\" width=\"318\" title=\"Asset 12\" onerror=\"this.style.display='none'\"  \/>\n\t\t\t\t<img loading=\"lazy\" decoding=\"async\" src=\"https:\/\/amusantsa.com\/wp-content\/uploads\/2024\/09\/Asset-13.webp\" alt=\"Asset 13\" itemprop=\"image\" height=\"495\" width=\"318\" title=\"Asset 13\" onerror=\"this.style.display='none'\"  \/>\n\t\t\t\t<img loading=\"lazy\" decoding=\"async\" src=\"https:\/\/amusantsa.com\/wp-content\/uploads\/2024\/09\/Asset-14.webp\" alt=\"Asset 14\" itemprop=\"image\" height=\"495\" width=\"318\" title=\"Asset 14\" onerror=\"this.style.display='none'\"  \/>\n\t\t\t\t<img loading=\"lazy\" decoding=\"async\" src=\"https:\/\/amusantsa.com\/wp-content\/uploads\/2024\/09\/Asset-15.webp\" alt=\"Asset 15\" itemprop=\"image\" height=\"495\" width=\"318\" title=\"Asset 15\" onerror=\"this.style.display='none'\"  \/>\n<h2>\n\t\tServicios\n\t<\/h2>\n\t <div class=\"cascade-slider_container\" id=\"cascade-slider\">\r\n        <div class=\"cascade-slider_slides\">\r\n            <div class=\"cascade-slider_item\">\r\n                <div class='card light_blue'>\r\n                    <div class='photo'>\r\n                        <img decoding=\"async\" class=\"img-fluid\" src=\"https:\/\/simonicaragua.com\/amusant\/wp-content\/uploads\/2024\/09\/renta-rokolas.png\">\r\n                    <\/div>\r\n                    <div class='info'>\r\n                        <h2>Alquiler de Rockola <\/h2>\r\n                        <div class='content'>Contamos con una amplia selecci\u00f3n de rockolas con una variada\r\n                            biblioteca musical para todos los gustos. Desde cl\u00e1sicos inolvidables hasta \u00e9xitos m\u00e1s\r\n                            recientes.<\/div>\r\n                    <\/div>\r\n                <\/div>\r\n            <\/div>\r\n            <div class=\"cascade-slider_item\">\r\n                <div class='card light_blue'>\r\n                    <div class='photo'>\r\n                        <img decoding=\"async\" class=\"img-fluid\" src=\"https:\/\/simonicaragua.com\/amusant\/wp-content\/uploads\/2024\/09\/musica-actulizada.png\">\r\n                    <\/div>\r\n                    <div class='info'>\r\n                        <h2>Actualizaciones musicales<\/h2>\r\n                        <div class='content'>Mantenemos nuestras rockolas actualizadas con las \u00faltimas\r\ncanciones y \u00e9xitos del momento, asegurando que siempre tengas lo mejor de la m\u00fasica en\r\ntus manos.<\/div>\r\n                    <\/div>\r\n                <\/div>\r\n            <\/div>\r\n            \r\n            <div class=\"cascade-slider_item\">\r\n                <div class='card light_blue'>\r\n                    <div class='photo'>\r\n                        <img decoding=\"async\" class=\"img-fluid\" src=\"https:\/\/simonicaragua.com\/amusant\/wp-content\/uploads\/2024\/09\/tragamonedas.png\">\r\n                    <\/div>\r\n                    <div class='info'>\r\n                        <h2>Tragamonedas<\/h2>\r\n                        <div class='content'>Estamos presentes en las salas de juegos:<\/div>\r\n                    <\/div>\r\n                <\/div>\r\n            <\/div>\r\n\r\n        <\/div>\r\n\r\n\r\n\r\n        <span class=\"cascade-slider_arrow cascade-slider_arrow-left\" data-action=\"prev\"><img decoding=\"async\"\r\n                src=\"https:\/\/agenciafagulha.com.br\/wp-content\/uploads\/2019\/12\/chvron-left.svg\"\r\n                type=\"image\/svg+xml\"><\/span>\r\n        <span class=\"cascade-slider_arrow cascade-slider_arrow-right\" data-action=\"next\"><img decoding=\"async\"\r\n                src=\"https:\/\/agenciafagulha.com.br\/wp-content\/uploads\/2019\/12\/chvron-right.svg\"\r\n                type=\"image\/svg+xml\"><\/span>\r\n    <\/div>\n<h2>\n\t\tSolicita la <b>rockola<\/b> para  tu bar o restaurante\n\t<\/h2>\n\t\t\t<a href=\"tel:50584406655\" target=\"_self\" rel=\"noopener\">\n\t\t\t\t\t\t\tLl\u00e1manos 8440-6655\n\t\t\t\t\t<\/a>\n<h2>\n\t\tS\u00edguenos en Facebook:\n\t<\/h2>\n\t<ul>\n\t\t<li><a href=\"https:\/\/www.facebook.com\/profile.php?id=61555857356589\" target=\"_self\" aria-label=\"Go to https:\/\/www.facebook.com\/profile.php?id=61555857356589\" rel=\"noopener\"><\/a>\t\t\t\t\n\t\t<h3>Amusant Audiovisual<\/h3><\/li>\t<\/ul>\n<h2>\n\t\tCont\u00e1ctanos:\n\t<\/h2>\n\t<ul>\n\t\t<li><a href=\"tel:8440-6655\" target=\"_self\" aria-label=\"Go to tel:8440-6655\" rel=\"noopener\"><\/a>\t\t\t\t\n\t\t<h3>8440-6655<\/h3><\/li>\t<\/ul>\n\n","protected":false},"excerpt":{"rendered":"<p>\u00a1Entretenimientosin l\u00edmite! Solicita tu Rockola \u00bfQui\u00e9nes somos? En Amusant nos dedicamos a llevar la diversi\u00f3n, el entretenimiento y la m\u00fasica en cada celebraci\u00f3n. Somos una empresa apasionada por crear experiencias \u00fanicas a trav\u00e9s de nuestro servicio de rockolas y contamos con salas de juegos donde puedes encontrar tragamonedas con una amplia variedad de juegos. Nuestros&hellip;<\/p>\n","protected":false},"author":1,"featured_media":104,"parent":0,"menu_order":0,"comment_status":"closed","ping_status":"closed","template":"","meta":{"footnotes":""},"class_list":["post-12","page","type-page","status-publish","has-post-thumbnail","hentry"],"yoast_head":"<!-- This site is optimized with the Yoast SEO plugin v23.5 - https:\/\/yoast.com\/wordpress\/plugins\/seo\/ -->\n<title>Solicita la rockola para tu negocio!<\/title>\n<meta name=\"description\" content=\"En Amusant nos dedicamos a llevar la diversi\u00f3n, el entretenimiento y la m\u00fasica en cada celebraci\u00f3n.\" \/>\n<meta name=\"robots\" content=\"index, follow, max-snippet:-1, max-image-preview:large, max-video-preview:-1\" \/>\n<link rel=\"canonical\" href=\"https:\/\/amusantsa.com\/\" \/>\n<meta property=\"og:locale\" content=\"es_ES\" \/>\n<meta property=\"og:type\" content=\"article\" \/>\n<meta property=\"og:title\" content=\"Solicita la rockola para tu negocio!\" \/>\n<meta property=\"og:description\" content=\"En Amusant nos dedicamos a llevar la diversi\u00f3n, el entretenimiento y la m\u00fasica en cada celebraci\u00f3n.\" \/>\n<meta property=\"og:url\" content=\"https:\/\/amusantsa.com\/\" \/>\n<meta property=\"og:site_name\" content=\"AMUSANT\" \/>\n<meta property=\"article:publisher\" content=\"https:\/\/www.facebook.com\/profile.php?id=61555857356589\" \/>\n<meta property=\"article:modified_time\" content=\"2024-09-26T18:01:11+00:00\" \/>\n<meta property=\"og:image\" content=\"https:\/\/amusantsa.com\/wp-content\/uploads\/2024\/09\/457876796_122174409272195245_3753276955110842602_n.jpg\" \/>\n\t<meta property=\"og:image:width\" content=\"1200\" \/>\n\t<meta property=\"og:image:height\" content=\"1200\" \/>\n\t<meta property=\"og:image:type\" content=\"image\/jpeg\" \/>\n<meta name=\"twitter:card\" content=\"summary_large_image\" \/>\n<meta name=\"twitter:label1\" content=\"Tiempo de lectura\" \/>\n\t<meta name=\"twitter:data1\" content=\"3 minutos\" \/>\n<script type=\"application\/ld+json\" class=\"yoast-schema-graph\">{\"@context\":\"https:\/\/schema.org\",\"@graph\":[{\"@type\":\"WebPage\",\"@id\":\"https:\/\/amusantsa.com\/\",\"url\":\"https:\/\/amusantsa.com\/\",\"name\":\"Solicita la rockola para tu negocio!\",\"isPartOf\":{\"@id\":\"https:\/\/amusantsa.com\/#website\"},\"primaryImageOfPage\":{\"@id\":\"https:\/\/amusantsa.com\/#primaryimage\"},\"image\":{\"@id\":\"https:\/\/amusantsa.com\/#primaryimage\"},\"thumbnailUrl\":\"https:\/\/amusantsa.com\/wp-content\/uploads\/2024\/09\/457876796_122174409272195245_3753276955110842602_n.jpg\",\"datePublished\":\"2024-09-11T23:08:41+00:00\",\"dateModified\":\"2024-09-26T18:01:11+00:00\",\"description\":\"En Amusant nos dedicamos a llevar la diversi\u00f3n, el entretenimiento y la m\u00fasica en cada celebraci\u00f3n.\",\"breadcrumb\":{\"@id\":\"https:\/\/amusantsa.com\/#breadcrumb\"},\"inLanguage\":\"es\",\"potentialAction\":[{\"@type\":\"ReadAction\",\"target\":[\"https:\/\/amusantsa.com\/\"]}]},{\"@type\":\"ImageObject\",\"inLanguage\":\"es\",\"@id\":\"https:\/\/amusantsa.com\/#primaryimage\",\"url\":\"https:\/\/amusantsa.com\/wp-content\/uploads\/2024\/09\/457876796_122174409272195245_3753276955110842602_n.jpg\",\"contentUrl\":\"https:\/\/amusantsa.com\/wp-content\/uploads\/2024\/09\/457876796_122174409272195245_3753276955110842602_n.jpg\",\"width\":1200,\"height\":1200},{\"@type\":\"BreadcrumbList\",\"@id\":\"https:\/\/amusantsa.com\/#breadcrumb\",\"itemListElement\":[{\"@type\":\"ListItem\",\"position\":1,\"name\":\"Portada\",\"item\":\"https:\/\/amusantsa.com\/\"},{\"@type\":\"ListItem\",\"position\":2,\"name\":\"AMUSANT\"}]},{\"@type\":\"WebSite\",\"@id\":\"https:\/\/amusantsa.com\/#website\",\"url\":\"https:\/\/amusantsa.com\/\",\"name\":\"AMUSANT\",\"description\":\"Entretenimiento sin limite!\",\"publisher\":{\"@id\":\"https:\/\/amusantsa.com\/#organization\"},\"potentialAction\":[{\"@type\":\"SearchAction\",\"target\":{\"@type\":\"EntryPoint\",\"urlTemplate\":\"https:\/\/amusantsa.com\/?s={search_term_string}\"},\"query-input\":{\"@type\":\"PropertyValueSpecification\",\"valueRequired\":true,\"valueName\":\"search_term_string\"}}],\"inLanguage\":\"es\"},{\"@type\":\"Organization\",\"@id\":\"https:\/\/amusantsa.com\/#organization\",\"name\":\"AMUSANT\",\"url\":\"https:\/\/amusantsa.com\/\",\"logo\":{\"@type\":\"ImageObject\",\"inLanguage\":\"es\",\"@id\":\"https:\/\/amusantsa.com\/#\/schema\/logo\/image\/\",\"url\":\"https:\/\/amusantsa.com\/wp-content\/uploads\/2024\/09\/logo-amusant-transparent.webp\",\"contentUrl\":\"https:\/\/amusantsa.com\/wp-content\/uploads\/2024\/09\/logo-amusant-transparent.webp\",\"width\":267,\"height\":71,\"caption\":\"AMUSANT\"},\"image\":{\"@id\":\"https:\/\/amusantsa.com\/#\/schema\/logo\/image\/\"},\"sameAs\":[\"https:\/\/www.facebook.com\/profile.php?id=61555857356589\"]}]}<\/script>\n<!-- \/ Yoast SEO plugin. -->","yoast_head_json":{"title":"Solicita la rockola para tu negocio!","description":"En Amusant nos dedicamos a llevar la diversi\u00f3n, el entretenimiento y la m\u00fasica en cada celebraci\u00f3n.","robots":{"index":"index","follow":"follow","max-snippet":"max-snippet:-1","max-image-preview":"max-image-preview:large","max-video-preview":"max-video-preview:-1"},"canonical":"https:\/\/amusantsa.com\/","og_locale":"es_ES","og_type":"article","og_title":"Solicita la rockola para tu negocio!","og_description":"En Amusant nos dedicamos a llevar la diversi\u00f3n, el entretenimiento y la m\u00fasica en cada celebraci\u00f3n.","og_url":"https:\/\/amusantsa.com\/","og_site_name":"AMUSANT","article_publisher":"https:\/\/www.facebook.com\/profile.php?id=61555857356589","article_modified_time":"2024-09-26T18:01:11+00:00","og_image":[{"width":1200,"height":1200,"url":"https:\/\/amusantsa.com\/wp-content\/uploads\/2024\/09\/457876796_122174409272195245_3753276955110842602_n.jpg","type":"image\/jpeg"}],"twitter_card":"summary_large_image","twitter_misc":{"Tiempo de lectura":"3 minutos"},"schema":{"@context":"https:\/\/schema.org","@graph":[{"@type":"WebPage","@id":"https:\/\/amusantsa.com\/","url":"https:\/\/amusantsa.com\/","name":"Solicita la rockola para tu negocio!","isPartOf":{"@id":"https:\/\/amusantsa.com\/#website"},"primaryImageOfPage":{"@id":"https:\/\/amusantsa.com\/#primaryimage"},"image":{"@id":"https:\/\/amusantsa.com\/#primaryimage"},"thumbnailUrl":"https:\/\/amusantsa.com\/wp-content\/uploads\/2024\/09\/457876796_122174409272195245_3753276955110842602_n.jpg","datePublished":"2024-09-11T23:08:41+00:00","dateModified":"2024-09-26T18:01:11+00:00","description":"En Amusant nos dedicamos a llevar la diversi\u00f3n, el entretenimiento y la m\u00fasica en cada celebraci\u00f3n.","breadcrumb":{"@id":"https:\/\/amusantsa.com\/#breadcrumb"},"inLanguage":"es","potentialAction":[{"@type":"ReadAction","target":["https:\/\/amusantsa.com\/"]}]},{"@type":"ImageObject","inLanguage":"es","@id":"https:\/\/amusantsa.com\/#primaryimage","url":"https:\/\/amusantsa.com\/wp-content\/uploads\/2024\/09\/457876796_122174409272195245_3753276955110842602_n.jpg","contentUrl":"https:\/\/amusantsa.com\/wp-content\/uploads\/2024\/09\/457876796_122174409272195245_3753276955110842602_n.jpg","width":1200,"height":1200},{"@type":"BreadcrumbList","@id":"https:\/\/amusantsa.com\/#breadcrumb","itemListElement":[{"@type":"ListItem","position":1,"name":"Portada","item":"https:\/\/amusantsa.com\/"},{"@type":"ListItem","position":2,"name":"AMUSANT"}]},{"@type":"WebSite","@id":"https:\/\/amusantsa.com\/#website","url":"https:\/\/amusantsa.com\/","name":"AMUSANT","description":"Entretenimiento sin limite!","publisher":{"@id":"https:\/\/amusantsa.com\/#organization"},"potentialAction":[{"@type":"SearchAction","target":{"@type":"EntryPoint","urlTemplate":"https:\/\/amusantsa.com\/?s={search_term_string}"},"query-input":{"@type":"PropertyValueSpecification","valueRequired":true,"valueName":"search_term_string"}}],"inLanguage":"es"},{"@type":"Organization","@id":"https:\/\/amusantsa.com\/#organization","name":"AMUSANT","url":"https:\/\/amusantsa.com\/","logo":{"@type":"ImageObject","inLanguage":"es","@id":"https:\/\/amusantsa.com\/#\/schema\/logo\/image\/","url":"https:\/\/amusantsa.com\/wp-content\/uploads\/2024\/09\/logo-amusant-transparent.webp","contentUrl":"https:\/\/amusantsa.com\/wp-content\/uploads\/2024\/09\/logo-amusant-transparent.webp","width":267,"height":71,"caption":"AMUSANT"},"image":{"@id":"https:\/\/amusantsa.com\/#\/schema\/logo\/image\/"},"sameAs":["https:\/\/www.facebook.com\/profile.php?id=61555857356589"]}]}},"_links":{"self":[{"href":"https:\/\/amusantsa.com\/index.php\/wp-json\/wp\/v2\/pages\/12","targetHints":{"allow":["GET"]}}],"collection":[{"href":"https:\/\/amusantsa.com\/index.php\/wp-json\/wp\/v2\/pages"}],"about":[{"href":"https:\/\/amusantsa.com\/index.php\/wp-json\/wp\/v2\/types\/page"}],"author":[{"embeddable":true,"href":"https:\/\/amusantsa.com\/index.php\/wp-json\/wp\/v2\/users\/1"}],"replies":[{"embeddable":true,"href":"https:\/\/amusantsa.com\/index.php\/wp-json\/wp\/v2\/comments?post=12"}],"version-history":[{"count":26,"href":"https:\/\/amusantsa.com\/index.php\/wp-json\/wp\/v2\/pages\/12\/revisions"}],"predecessor-version":[{"id":98,"href":"https:\/\/amusantsa.com\/index.php\/wp-json\/wp\/v2\/pages\/12\/revisions\/98"}],"wp:featuredmedia":[{"embeddable":true,"href":"https:\/\/amusantsa.com\/index.php\/wp-json\/wp\/v2\/media\/104"}],"wp:attachment":[{"href":"https:\/\/amusantsa.com\/index.php\/wp-json\/wp\/v2\/media?parent=12"}],"curies":[{"name":"wp","href":"https:\/\/api.w.org\/{rel}","templated":true}]}}